{"id":3390,"date":"2024-11-27T20:52:07","date_gmt":"2024-11-27T19:52:07","guid":{"rendered":"https:\/\/cex.escoladeltreball.cat\/innovacion\/pp3-3\/"},"modified":"2024-11-28T08:48:00","modified_gmt":"2024-11-28T07:48:00","slug":"pp3-3","status":"publish","type":"page","link":"https:\/\/cex.escoladeltreball.cat\/es\/innovacion\/pp3-3\/","title":{"rendered":"PP3-3"},"content":{"rendered":"\t\t<div data-elementor-type=\"wp-page\" data-elementor-id=\"3390\" class=\"elementor elementor-3390 elementor-3206\" data-elementor-settings=\"{&quot;page_masthead_header_background_color&quot;:&quot;#ffffff&quot;,&quot;page_masthead_featured_background_color&quot;:&quot;#f8f8f8&quot;,&quot;kinsey_hide_title_disabled&quot;:&quot;yes&quot;}\" data-elementor-post-type=\"page\">\n\t\t\t\t\t\t<section class=\"elementor-section elementor-top-section elementor-element elementor-element-211adf5b elementor-section-full_width bg-gray-2 elementor-section-height-default elementor-section-height-default\" data-id=\"211adf5b\" data-element_type=\"section\" data-settings=\"{&quot;theme_section_color&quot;:&quot;bg-gray-2&quot;}\">\n\t\t\t\t\t\t<div class=\"elementor-container elementor-column-gap-no\">\n\t\t\t\t\t<div class=\"elementor-column elementor-col-100 elementor-top-column elementor-element elementor-element-4f925ac9\" data-id=\"4f925ac9\" data-element_type=\"column\">\n\t\t\t<div class=\"elementor-widget-wrap elementor-element-populated\">\n\t\t\t\t\t\t<div class=\"elementor-element elementor-element-209cb7c3 elementor-widget elementor-widget-kinsey-widget-parallax-background\" data-id=\"209cb7c3\" data-element_type=\"widget\" data-widget_type=\"kinsey-widget-parallax-background.default\">\n\t\t\t\t<div class=\"elementor-widget-container\">\n\t\t\t\t\t\n\t\t<div class=\"section section-image section-content section text-center\">\n\t\t\t<div class=\"section-image__wrapper overflow\">\n\t\t\t\t\n\t<div class=\"mask-reveal js-arts-parallax overflow h-100\" data-arts-os-animation=\"true\" data-arts-os-animation-name=\"animateMask\" data-arts-os-animation-params=\"{&quot;direction&quot;:&quot;up&quot;,&quot;scale&quot;:1.2}\" data-arts-parallax-target=\"innerElement\" data-arts-parallax-scrub=\"true\" data-arts-parallax-factor-y=\"0.1\">\n\n\t\t\t<div class=\"mask-reveal__layer mask-reveal__layer-1\">\n\t\t\t<div class=\"mask-reveal__layer mask-reveal__layer-2\">\n\t\n\t\t\n\t\t\t\t\t\t\t<div class=\"js-arts-parallax__scrub w-100 h-100\">\n\t\t\t\n\t\t\t\t\t\n\t\t\t\t\t\t\t<img fetchpriority=\"high\" decoding=\"async\" class=\"lazy-bg of-cover\" src=\"data:image\/png;base64,iVBORw0KGgoAAAANSUhEUgAAAAEAAAABCAQAAAHCGzyUAAAABGdBTUEAALGPC\/xhBQAAADhlWElmTU0AKgAAAAgAAYdpAAQAAAABAAAAGgAAAAAAAqACAAQAAAABAAAAAaADAAQAAAABAAAAAQAAAADa6r\/EAAAAC0lEQVQI12NolQQAASYAn89qhTcAAAAASUVORK5CYII=\" data-id=\"3418\" data-src=\"https:\/\/cex.escoladeltreball.cat\/wp-content\/uploads\/2024\/11\/hidrogen-cex-01.jpg\" width=\"1920\" height=\"804\" data-srcset=\"https:\/\/cex.escoladeltreball.cat\/wp-content\/uploads\/2024\/11\/hidrogen-cex-01.jpg 1920w, https:\/\/cex.escoladeltreball.cat\/wp-content\/uploads\/2024\/11\/hidrogen-cex-01-300x126.jpg 300w, https:\/\/cex.escoladeltreball.cat\/wp-content\/uploads\/2024\/11\/hidrogen-cex-01-1024x429.jpg 1024w, https:\/\/cex.escoladeltreball.cat\/wp-content\/uploads\/2024\/11\/hidrogen-cex-01-768x322.jpg 768w, https:\/\/cex.escoladeltreball.cat\/wp-content\/uploads\/2024\/11\/hidrogen-cex-01-1536x643.jpg 1536w\" data-sizes=\"(max-width: 1920px) 100vw, 1920px\" alt=\"\">\n\t\t\t\t\t\t\t\n\t\t\n\t\t\t\t\t\t\t<\/div>\n\t\t\t\n\t\t\n\t\t\t\t<\/div>\n\t\t<\/div>\n\t\n\t\n\t<\/div>\n\t\t\t\t\t\t\t<\/div>\n\t\t<\/div>\n\n\t\t\t\t\t\t<\/div>\n\t\t\t\t<\/div>\n\t\t\t\t\t<\/div>\n\t\t<\/div>\n\t\t\t\t\t<\/div>\n\t\t<\/section>\n\t\t<div class=\"elementor-element elementor-element-5da6947 e-con-full e-flex e-con e-parent\" data-id=\"5da6947\" data-element_type=\"container\">\n\t\t<div class=\"elementor-element elementor-element-e923916 e-con-full e-flex e-con e-child\" data-id=\"e923916\" data-element_type=\"container\">\n\t\t\t\t<div class=\"elementor-element elementor-element-cab9caf elementor-widget elementor-widget-spacer\" data-id=\"cab9caf\" data-element_type=\"widget\" data-widget_type=\"spacer.default\">\n\t\t\t\t<div class=\"elementor-widget-container\">\n\t\t\t\t\t\t\t<div class=\"elementor-spacer\">\n\t\t\t<div class=\"elementor-spacer-inner\"><\/div>\n\t\t<\/div>\n\t\t\t\t\t\t<\/div>\n\t\t\t\t<\/div>\n\t\t\t\t<div class=\"elementor-element elementor-element-037ea64 elementor-widget elementor-widget-kinsey-widget-content-block\" data-id=\"037ea64\" data-element_type=\"widget\" data-widget_type=\"kinsey-widget-content-block.default\">\n\t\t\t\t<div class=\"elementor-widget-container\">\n\t\t\t\t\t\t\t<div class=\"section section-content\">\n\t\t\t\t\t\t<div class=\"section-content__content content arts-split-text js-arts-split-text\" data-arts-split-text=\"lines\" data-arts-split-text-set=\"lines\" data-arts-split-text-overflow-wrap=\"lines\" data-arts-os-animation=\"true\" data-arts-os-animation-name=\"animateText\"><h2 style=\"text-align: center;\">Hidr\u00f3geno verde en la FP<\/h2>\n<\/div>\n\t\t\t\t\t<\/div>\n\t\t\t\t\t\t<\/div>\n\t\t\t\t<\/div>\n\t\t\t\t<div class=\"elementor-element elementor-element-855bf29 elementor-widget elementor-widget-kinsey-widget-content-block\" data-id=\"855bf29\" data-element_type=\"widget\" data-widget_type=\"kinsey-widget-content-block.default\">\n\t\t\t\t<div class=\"elementor-widget-container\">\n\t\t\t\t\t\t\t<div class=\"section section-content\">\n\t\t\t\t\t\t\t<div class=\"section__headline section__headline_before mb-md-3 mb-2 mx-auto\" data-arts-os-animation=\"true\" data-arts-os-animation-name=\"animateHeadline\"><\/div>\n\t\t\t\t\t\t<div class=\"section-content__content content arts-split-text js-arts-split-text\" data-arts-split-text=\"lines\" data-arts-split-text-set=\"lines\" data-arts-split-text-overflow-wrap=\"lines\" data-arts-os-animation=\"true\" data-arts-os-animation-name=\"animateText\"><p>Implementaci\u00f3n de un equipo de generaci\u00f3n y almacenamiento de hidr\u00f3geno verde y generaci\u00f3n de electricidad a partir de mont\u00f3n de combustible.<\/p><\/div>\n\t\t\t\t\t<\/div>\n\t\t\t\t\t\t<\/div>\n\t\t\t\t<\/div>\n\t\t\t\t<div class=\"elementor-element elementor-element-e3ae335 elementor-widget elementor-widget-spacer\" data-id=\"e3ae335\" data-element_type=\"widget\" data-widget_type=\"spacer.default\">\n\t\t\t\t<div class=\"elementor-widget-container\">\n\t\t\t\t\t\t\t<div class=\"elementor-spacer\">\n\t\t\t<div class=\"elementor-spacer-inner\"><\/div>\n\t\t<\/div>\n\t\t\t\t\t\t<\/div>\n\t\t\t\t<\/div>\n\t\t\t\t<\/div>\n\t\t\t\t<\/div>\n\t\t\t\t<section class=\"elementor-section elementor-top-section elementor-element elementor-element-708bcbc bg-gray-4 dark pt-large pb-large elementor-section-boxed elementor-section-height-default elementor-section-height-default\" data-id=\"708bcbc\" data-element_type=\"section\" data-settings=\"{&quot;theme_remove_top_bottom_gaps&quot;:&quot;yes&quot;,&quot;theme_section_color&quot;:&quot;bg-gray-4&quot;,&quot;theme_section_elements_theme&quot;:&quot;dark&quot;,&quot;background_background&quot;:&quot;slideshow&quot;,&quot;background_slideshow_gallery&quot;:[],&quot;background_slideshow_loop&quot;:&quot;yes&quot;,&quot;background_slideshow_slide_duration&quot;:5000,&quot;background_slideshow_slide_transition&quot;:&quot;fade&quot;,&quot;background_slideshow_transition_duration&quot;:500}\" data-arts-theme-text=\"dark\">\n\t\t\t\t\t\t<div class=\"elementor-container elementor-column-gap-wide\">\n\t\t\t\t\t<div class=\"elementor-column elementor-col-100 elementor-top-column elementor-element elementor-element-5f6296f3\" data-id=\"5f6296f3\" data-element_type=\"column\">\n\t\t\t<div class=\"elementor-widget-wrap elementor-element-populated\">\n\t\t\t\t\t\t<section class=\"elementor-section elementor-inner-section elementor-element elementor-element-1ed6d03e elementor-section-full_width elementor-section-height-default elementor-section-height-default\" data-id=\"1ed6d03e\" data-element_type=\"section\">\n\t\t\t\t\t\t<div class=\"elementor-container elementor-column-gap-no\">\n\t\t\t\t\t<div class=\"elementor-column elementor-col-100 elementor-inner-column elementor-element elementor-element-77f95869\" data-id=\"77f95869\" data-element_type=\"column\">\n\t\t\t<div class=\"elementor-widget-wrap elementor-element-populated\">\n\t\t\t\t\t\t<div class=\"elementor-element elementor-element-7f50fcae elementor-widget elementor-widget-kinsey-widget-content-block\" data-id=\"7f50fcae\" data-element_type=\"widget\" data-widget_type=\"kinsey-widget-content-block.default\">\n\t\t\t\t<div class=\"elementor-widget-container\">\n\t\t\t\t\t\t\t<div class=\"section section-content\">\n\t\t\t\t\t\t\t<div class=\"section__headline section__headline_before mb-md-3 mb-2 mx-auto\" data-arts-os-animation=\"true\" data-arts-os-animation-name=\"animateHeadline\"><\/div>\n\t\t\t\t\t\t<div class=\"section-content__content content arts-split-text js-arts-split-text\" data-arts-split-text=\"lines\" data-arts-split-text-set=\"lines\" data-arts-split-text-overflow-wrap=\"lines\" data-arts-os-animation=\"true\" data-arts-os-animation-name=\"animateText\"><h2 class=\"h1\">\u00bfQuieres saber m\u00e1s de nuestro proyecto?<\/h2>\n<p>Podemos ayudarte. \u00a1Ponte en contacto con nosotros!<\/p>\n<\/div>\n\t\t\t\t\t<\/div>\n\t\t\t\t\t\t<\/div>\n\t\t\t\t<\/div>\n\t\t\t\t\t<\/div>\n\t\t<\/div>\n\t\t\t\t\t<\/div>\n\t\t<\/section>\n\t\t\t\t<section class=\"elementor-section elementor-inner-section elementor-element elementor-element-67b4d95c elementor-section-full_width mt-small elementor-section-height-default elementor-section-height-default\" data-id=\"67b4d95c\" data-element_type=\"section\">\n\t\t\t\t\t\t<div class=\"elementor-container elementor-column-gap-no\">\n\t\t\t\t\t<div class=\"elementor-column elementor-col-100 elementor-inner-column elementor-element elementor-element-243941f\" data-id=\"243941f\" data-element_type=\"column\">\n\t\t\t<div class=\"elementor-widget-wrap elementor-element-populated\">\n\t\t\t\t\t\t<div class=\"elementor-element elementor-element-658d1f77 elementor-widget elementor-widget-kinsey-widget-button\" data-id=\"658d1f77\" data-element_type=\"widget\" data-widget_type=\"kinsey-widget-button.default\">\n\t\t\t\t<div class=\"elementor-widget-container\">\n\t\t\t\t\t\t\t<div class=\"section section-content\">\n\t\t\t<div class=\"section-content__wrapper-button\" data-arts-os-animation=\"true\" data-arts-os-animation-name=\"animateJump\">\n\t\t\t\t\n<a href=\"\/es\/contacto\" class=\"button button_bordered bg-dark-1 button-circle button-circle_big button_icon\" data-arts-cursor=\"true\" data-arts-cursor-scale=\"current\" data-arts-cursor-hide-native=\"true\" data-arts-cursor-magnetic=\"true\">\n\t<span class=\"button__label button__label-normal\">\n\t\t\t\t\t\t\t\n\t\t<span class=\"button__title\">Te interesa<\/span>\n\n\t\t\t\t\t\t\t\t<\/span>\n\t\t\t<span class=\"button__label button__label-hover\">\n\t\t\t\t\t\t\t\t\t\t\n\t\t\t<span class=\"button__title\">Cont\u00e1ctanos<\/span>\n\n\t\t\t\t\t\t\t\t\t\t\t\t<\/span>\n\t<\/a>\n\t\t\t<\/div>\n\t\t<\/div>\n\t\t\t\t\t\t<\/div>\n\t\t\t\t<\/div>\n\t\t\t\t\t<\/div>\n\t\t<\/div>\n\t\t\t\t\t<\/div>\n\t\t<\/section>\n\t\t\t\t\t<\/div>\n\t\t<\/div>\n\t\t\t\t\t<\/div>\n\t\t<\/section>\n\t\t\t\t<\/div>\n\t\t","protected":false},"excerpt":{"rendered":"<p>Hidr\u00f3geno verde en la FP Implementaci\u00f3n de un equipo de generaci\u00f3n y almacenamiento de hidr\u00f3geno verde y generaci\u00f3n de electricidad a partir de mont\u00f3n de combustible. \u00bfQuieres saber m\u00e1s de nuestro proyecto? Podemos ayudarte. \u00a1Ponte en contacto con nosotros! Te interesa Cont\u00e1ctanos<\/p>\n","protected":false},"author":3,"featured_media":0,"parent":3384,"menu_order":0,"comment_status":"closed","ping_status":"closed","template":"","meta":{"_acf_changed":false,"footnotes":""},"class_list":["post-3390","page","type-page","status-publish","hentry"],"acf":[],"yoast_head":"<!-- This site is optimized with the Yoast SEO plugin v25.3.1 - https:\/\/yoast.com\/wordpress\/plugins\/seo\/ -->\n<title>PP3-3 - CEX Escola del Treball Lleida<\/title>\n<meta name=\"robots\" content=\"index, follow, max-snippet:-1, max-image-preview:large, max-video-preview:-1\" \/>\n<link rel=\"canonical\" href=\"https:\/\/cex.escoladeltreball.cat\/es\/innovacion\/pp3-3\/\" \/>\n<meta property=\"og:locale\" content=\"es_ES\" \/>\n<meta property=\"og:type\" content=\"article\" \/>\n<meta property=\"og:title\" content=\"PP3-3 - CEX Escola del Treball Lleida\" \/>\n<meta property=\"og:description\" content=\"Hidr\u00f3geno verde en la FP Implementaci\u00f3n de un equipo de generaci\u00f3n y almacenamiento de hidr\u00f3geno verde y generaci\u00f3n de electricidad a partir de mont\u00f3n de combustible. \u00bfQuieres saber m\u00e1s de nuestro proyecto? Podemos ayudarte. \u00a1Ponte en contacto con nosotros! Te interesa Cont\u00e1ctanos\" \/>\n<meta property=\"og:url\" content=\"https:\/\/cex.escoladeltreball.cat\/es\/innovacion\/pp3-3\/\" \/>\n<meta property=\"og:site_name\" content=\"CEX Escola del Treball Lleida\" \/>\n<meta property=\"article:modified_time\" content=\"2024-11-28T07:48:00+00:00\" \/>\n<meta name=\"twitter:card\" content=\"summary_large_image\" \/>\n<meta name=\"twitter:label1\" content=\"Tiempo de lectura\" \/>\n\t<meta name=\"twitter:data1\" content=\"1 minuto\" \/>\n<script type=\"application\/ld+json\" class=\"yoast-schema-graph\">{\"@context\":\"https:\/\/schema.org\",\"@graph\":[{\"@type\":\"WebPage\",\"@id\":\"https:\/\/cex.escoladeltreball.cat\/es\/innovacion\/pp3-3\/\",\"url\":\"https:\/\/cex.escoladeltreball.cat\/es\/innovacion\/pp3-3\/\",\"name\":\"PP3-3 - CEX Escola del Treball Lleida\",\"isPartOf\":{\"@id\":\"https:\/\/cex.escoladeltreball.cat\/es\/#website\"},\"datePublished\":\"2024-11-27T19:52:07+00:00\",\"dateModified\":\"2024-11-28T07:48:00+00:00\",\"breadcrumb\":{\"@id\":\"https:\/\/cex.escoladeltreball.cat\/es\/innovacion\/pp3-3\/#breadcrumb\"},\"inLanguage\":\"es\",\"potentialAction\":[{\"@type\":\"ReadAction\",\"target\":[\"https:\/\/cex.escoladeltreball.cat\/es\/innovacion\/pp3-3\/\"]}]},{\"@type\":\"BreadcrumbList\",\"@id\":\"https:\/\/cex.escoladeltreball.cat\/es\/innovacion\/pp3-3\/#breadcrumb\",\"itemListElement\":[{\"@type\":\"ListItem\",\"position\":1,\"name\":\"Portada\",\"item\":\"https:\/\/cex.escoladeltreball.cat\/es\/\"},{\"@type\":\"ListItem\",\"position\":2,\"name\":\"Innovaci\u00f3n\",\"item\":\"https:\/\/cex.escoladeltreball.cat\/es\/innovacion\/\"},{\"@type\":\"ListItem\",\"position\":3,\"name\":\"PP3-3\"}]},{\"@type\":\"WebSite\",\"@id\":\"https:\/\/cex.escoladeltreball.cat\/es\/#website\",\"url\":\"https:\/\/cex.escoladeltreball.cat\/es\/\",\"name\":\"CEX Escola del Treball Lleida\",\"description\":\"Centre d&#039;Excel\u00b7l\u00e8ncia de Formaci\u00f3 Professional\",\"publisher\":{\"@id\":\"https:\/\/cex.escoladeltreball.cat\/es\/#organization\"},\"potentialAction\":[{\"@type\":\"SearchAction\",\"target\":{\"@type\":\"EntryPoint\",\"urlTemplate\":\"https:\/\/cex.escoladeltreball.cat\/es\/?s={search_term_string}\"},\"query-input\":{\"@type\":\"PropertyValueSpecification\",\"valueRequired\":true,\"valueName\":\"search_term_string\"}}],\"inLanguage\":\"es\"},{\"@type\":\"Organization\",\"@id\":\"https:\/\/cex.escoladeltreball.cat\/es\/#organization\",\"name\":\"CEX Escola del Treball Lleida\",\"url\":\"https:\/\/cex.escoladeltreball.cat\/es\/\",\"logo\":{\"@type\":\"ImageObject\",\"inLanguage\":\"es\",\"@id\":\"https:\/\/cex.escoladeltreball.cat\/es\/#\/schema\/logo\/image\/\",\"url\":\"https:\/\/cex.escoladeltreball.cat\/wp-content\/uploads\/2024\/11\/cex-escola-treball-lleida-blanc.png\",\"contentUrl\":\"https:\/\/cex.escoladeltreball.cat\/wp-content\/uploads\/2024\/11\/cex-escola-treball-lleida-blanc.png\",\"width\":239,\"height\":34,\"caption\":\"CEX Escola del Treball Lleida\"},\"image\":{\"@id\":\"https:\/\/cex.escoladeltreball.cat\/es\/#\/schema\/logo\/image\/\"}}]}<\/script>\n<!-- \/ Yoast SEO plugin. -->","yoast_head_json":{"title":"PP3-3 - CEX Escola del Treball Lleida","robots":{"index":"index","follow":"follow","max-snippet":"max-snippet:-1","max-image-preview":"max-image-preview:large","max-video-preview":"max-video-preview:-1"},"canonical":"https:\/\/cex.escoladeltreball.cat\/es\/innovacion\/pp3-3\/","og_locale":"es_ES","og_type":"article","og_title":"PP3-3 - CEX Escola del Treball Lleida","og_description":"Hidr\u00f3geno verde en la FP Implementaci\u00f3n de un equipo de generaci\u00f3n y almacenamiento de hidr\u00f3geno verde y generaci\u00f3n de electricidad a partir de mont\u00f3n de combustible. \u00bfQuieres saber m\u00e1s de nuestro proyecto? Podemos ayudarte. \u00a1Ponte en contacto con nosotros! Te interesa Cont\u00e1ctanos","og_url":"https:\/\/cex.escoladeltreball.cat\/es\/innovacion\/pp3-3\/","og_site_name":"CEX Escola del Treball Lleida","article_modified_time":"2024-11-28T07:48:00+00:00","twitter_card":"summary_large_image","twitter_misc":{"Tiempo de lectura":"1 minuto"},"schema":{"@context":"https:\/\/schema.org","@graph":[{"@type":"WebPage","@id":"https:\/\/cex.escoladeltreball.cat\/es\/innovacion\/pp3-3\/","url":"https:\/\/cex.escoladeltreball.cat\/es\/innovacion\/pp3-3\/","name":"PP3-3 - CEX Escola del Treball Lleida","isPartOf":{"@id":"https:\/\/cex.escoladeltreball.cat\/es\/#website"},"datePublished":"2024-11-27T19:52:07+00:00","dateModified":"2024-11-28T07:48:00+00:00","breadcrumb":{"@id":"https:\/\/cex.escoladeltreball.cat\/es\/innovacion\/pp3-3\/#breadcrumb"},"inLanguage":"es","potentialAction":[{"@type":"ReadAction","target":["https:\/\/cex.escoladeltreball.cat\/es\/innovacion\/pp3-3\/"]}]},{"@type":"BreadcrumbList","@id":"https:\/\/cex.escoladeltreball.cat\/es\/innovacion\/pp3-3\/#breadcrumb","itemListElement":[{"@type":"ListItem","position":1,"name":"Portada","item":"https:\/\/cex.escoladeltreball.cat\/es\/"},{"@type":"ListItem","position":2,"name":"Innovaci\u00f3n","item":"https:\/\/cex.escoladeltreball.cat\/es\/innovacion\/"},{"@type":"ListItem","position":3,"name":"PP3-3"}]},{"@type":"WebSite","@id":"https:\/\/cex.escoladeltreball.cat\/es\/#website","url":"https:\/\/cex.escoladeltreball.cat\/es\/","name":"CEX Escola del Treball Lleida","description":"Centre d&#039;Excel\u00b7l\u00e8ncia de Formaci\u00f3 Professional","publisher":{"@id":"https:\/\/cex.escoladeltreball.cat\/es\/#organization"},"potentialAction":[{"@type":"SearchAction","target":{"@type":"EntryPoint","urlTemplate":"https:\/\/cex.escoladeltreball.cat\/es\/?s={search_term_string}"},"query-input":{"@type":"PropertyValueSpecification","valueRequired":true,"valueName":"search_term_string"}}],"inLanguage":"es"},{"@type":"Organization","@id":"https:\/\/cex.escoladeltreball.cat\/es\/#organization","name":"CEX Escola del Treball Lleida","url":"https:\/\/cex.escoladeltreball.cat\/es\/","logo":{"@type":"ImageObject","inLanguage":"es","@id":"https:\/\/cex.escoladeltreball.cat\/es\/#\/schema\/logo\/image\/","url":"https:\/\/cex.escoladeltreball.cat\/wp-content\/uploads\/2024\/11\/cex-escola-treball-lleida-blanc.png","contentUrl":"https:\/\/cex.escoladeltreball.cat\/wp-content\/uploads\/2024\/11\/cex-escola-treball-lleida-blanc.png","width":239,"height":34,"caption":"CEX Escola del Treball Lleida"},"image":{"@id":"https:\/\/cex.escoladeltreball.cat\/es\/#\/schema\/logo\/image\/"}}]}},"_links":{"self":[{"href":"https:\/\/cex.escoladeltreball.cat\/es\/wp-json\/wp\/v2\/pages\/3390","targetHints":{"allow":["GET"]}}],"collection":[{"href":"https:\/\/cex.escoladeltreball.cat\/es\/wp-json\/wp\/v2\/pages"}],"about":[{"href":"https:\/\/cex.escoladeltreball.cat\/es\/wp-json\/wp\/v2\/types\/page"}],"author":[{"embeddable":true,"href":"https:\/\/cex.escoladeltreball.cat\/es\/wp-json\/wp\/v2\/users\/3"}],"replies":[{"embeddable":true,"href":"https:\/\/cex.escoladeltreball.cat\/es\/wp-json\/wp\/v2\/comments?post=3390"}],"version-history":[{"count":8,"href":"https:\/\/cex.escoladeltreball.cat\/es\/wp-json\/wp\/v2\/pages\/3390\/revisions"}],"predecessor-version":[{"id":3496,"href":"https:\/\/cex.escoladeltreball.cat\/es\/wp-json\/wp\/v2\/pages\/3390\/revisions\/3496"}],"up":[{"embeddable":true,"href":"https:\/\/cex.escoladeltreball.cat\/es\/wp-json\/wp\/v2\/pages\/3384"}],"wp:attachment":[{"href":"https:\/\/cex.escoladeltreball.cat\/es\/wp-json\/wp\/v2\/media?parent=3390"}],"curies":[{"name":"wp","href":"https:\/\/api.w.org\/{rel}","templated":true}]}}